{"id":199,"date":"2025-03-17T15:46:49","date_gmt":"2025-03-17T18:46:49","guid":{"rendered":"https:\/\/policarpv.com.br\/?page_id=199"},"modified":"2025-03-17T15:48:40","modified_gmt":"2025-03-17T18:48:40","slug":"login","status":"publish","type":"page","link":"https:\/\/policarpv.com.br\/index.php\/login\/","title":{"rendered":"login"},"content":{"rendered":"\t\t<div data-elementor-type=\"wp-page\" data-elementor-id=\"199\" class=\"elementor elementor-199\">\n\t\t\t\t\t\t<section class=\"elementor-section elementor-top-section elementor-element elementor-element-64a18013 elementor-section-boxed elementor-section-height-default elementor-section-height-default\" data-id=\"64a18013\" data-element_type=\"section\" data-settings=\"{&quot;background_background&quot;:&quot;classic&quot;}\">\n\t\t\t\t\t\t<div class=\"elementor-container elementor-column-gap-default\">\n\t\t\t\t\t<div class=\"elementor-column elementor-col-33 elementor-top-column elementor-element elementor-element-a10c2df\" data-id=\"a10c2df\" data-element_type=\"column\" data-settings=\"{&quot;background_background&quot;:&quot;classic&quot;}\">\n\t\t\t<div class=\"elementor-widget-wrap elementor-element-populated\">\n\t\t\t\t\t\t<div class=\"elementor-element elementor-element-5f41a02d elementor-widget elementor-widget-image\" data-id=\"5f41a02d\" data-element_type=\"widget\" data-widget_type=\"image.default\">\n\t\t\t\t<div class=\"elementor-widget-container\">\n\t\t\t\t\t\t\t\t\t\t\t\t\t<img fetchpriority=\"high\" decoding=\"async\" width=\"1024\" height=\"1024\" src=\"https:\/\/policarpv.com.br\/wp-content\/uploads\/2024\/11\/cropped-POLICAR_page-0003-1024x1024.jpg\" class=\"attachment-large size-large wp-image-155\" alt=\"\" srcset=\"https:\/\/policarpv.com.br\/wp-content\/uploads\/2024\/11\/cropped-POLICAR_page-0003-1024x1024.jpg 1024w, https:\/\/policarpv.com.br\/wp-content\/uploads\/2024\/11\/cropped-POLICAR_page-0003-300x300.jpg 300w, https:\/\/policarpv.com.br\/wp-content\/uploads\/2024\/11\/cropped-POLICAR_page-0003-150x150.jpg 150w, https:\/\/policarpv.com.br\/wp-content\/uploads\/2024\/11\/cropped-POLICAR_page-0003-768x768.jpg 768w, https:\/\/policarpv.com.br\/wp-content\/uploads\/2024\/11\/cropped-POLICAR_page-0003-1536x1536.jpg 1536w, https:\/\/policarpv.com.br\/wp-content\/uploads\/2024\/11\/cropped-POLICAR_page-0003-2048x2048.jpg 2048w\" sizes=\"(max-width: 1024px) 100vw, 1024px\" \/>\t\t\t\t\t\t\t\t\t\t\t\t\t<\/div>\n\t\t\t\t<\/div>\n\t\t\t\t\t<\/div>\n\t\t<\/div>\n\t\t\t\t<div class=\"elementor-column elementor-col-33 elementor-top-column elementor-element elementor-element-71529f69\" data-id=\"71529f69\" data-element_type=\"column\" data-settings=\"{&quot;background_background&quot;:&quot;classic&quot;}\">\n\t\t\t<div class=\"elementor-widget-wrap\">\n\t\t\t\t\t\t\t<\/div>\n\t\t<\/div>\n\t\t\t\t<div class=\"elementor-column elementor-col-33 elementor-top-column elementor-element elementor-element-4d6de411\" data-id=\"4d6de411\" data-element_type=\"column\" data-settings=\"{&quot;background_background&quot;:&quot;classic&quot;}\">\n\t\t\t<div class=\"elementor-widget-wrap\">\n\t\t\t\t\t\t\t<\/div>\n\t\t<\/div>\n\t\t\t\t\t<\/div>\n\t\t<\/section>\n\t\t\t\t<section class=\"elementor-section elementor-top-section elementor-element elementor-element-be57bcf elementor-section-height-min-height elementor-section-full_width elementor-section-items-stretch quemsomos elementor-section-height-default\" data-id=\"be57bcf\" data-element_type=\"section\" data-settings=\"{&quot;background_background&quot;:&quot;classic&quot;}\">\n\t\t\t\t\t\t\t<div class=\"elementor-background-overlay\"><\/div>\n\t\t\t\t\t\t\t<div class=\"elementor-container elementor-column-gap-no\">\n\t\t\t\t\t<div class=\"elementor-column elementor-col-50 elementor-top-column elementor-element elementor-element-59fb636\" data-id=\"59fb636\" data-element_type=\"column\" data-settings=\"{&quot;background_background&quot;:&quot;classic&quot;}\">\n\t\t\t<div class=\"elementor-widget-wrap elementor-element-populated\">\n\t\t\t\t\t<div class=\"elementor-background-overlay\"><\/div>\n\t\t\t\t\t\t<section class=\"elementor-section elementor-inner-section elementor-element elementor-element-5ad8a97 elementor-section-boxed elementor-section-height-default elementor-section-height-default\" data-id=\"5ad8a97\" data-element_type=\"section\">\n\t\t\t\t\t\t<div class=\"elementor-container elementor-column-gap-no\">\n\t\t\t\t\t<div class=\"elementor-column elementor-col-100 elementor-inner-column elementor-element elementor-element-8406e90\" data-id=\"8406e90\" data-element_type=\"column\">\n\t\t\t<div class=\"elementor-widget-wrap elementor-element-populated\">\n\t\t\t\t\t\t<div class=\"elementor-element elementor-element-5fe05b0 elementor-widget-divider--view-line elementor-widget elementor-widget-divider\" data-id=\"5fe05b0\" data-element_type=\"widget\" data-widget_type=\"divider.default\">\n\t\t\t\t<div class=\"elementor-widget-container\">\n\t\t\t\t\t<div class=\"elementor-divider\">\n\t\t\t<span class=\"elementor-divider-separator\">\n\t\t\t\t\t\t<\/span>\n\t\t<\/div>\n\t\t\t\t<\/div>\n\t\t\t\t<\/div>\n\t\t\t\t\t<\/div>\n\t\t<\/div>\n\t\t\t\t\t<\/div>\n\t\t<\/section>\n\t\t\t\t<div class=\"elementor-element elementor-element-db1c380 elementor-widget elementor-widget-heading\" data-id=\"db1c380\" data-element_type=\"widget\" data-widget_type=\"heading.default\">\n\t\t\t\t<div class=\"elementor-widget-container\">\n\t\t\t<h2 class=\"elementor-heading-title elementor-size-default\">Entre na \u00e1rea de membros!<\/h2>\t\t<\/div>\n\t\t\t\t<\/div>\n\t\t\t\t<div class=\"elementor-element elementor-element-ae174e0 elementor-widget elementor-widget-pms-login\" data-id=\"ae174e0\" data-element_type=\"widget\" data-widget_type=\"pms-login.default\">\n\t\t\t\t<div class=\"elementor-widget-container\">\n\t\t\t            <form name=\"pms_login\" id=\"pms_login\" class=\"pms-form \" action=\"\" method=\"post\">\n                \n                <p class=\"login-username\">\n                    <label for=\"user_login\">Username or Email Address<\/label>\n                    <input type=\"text\" name=\"log\" id=\"user_login\" class=\"input\" value=\"\" size=\"20\" \/>\n                <\/p>\n\n                <p class=\"login-password\">\n                    <label for=\"user_pass\">Password<\/label>\n                    <input type=\"password\" name=\"pwd\" id=\"user_pass\" class=\"input\" value=\"\" size=\"20\" \/>\n                <\/p>\n\n                \n                                    <p class=\"login-remember\">\n                        <input name=\"rememberme\" type=\"checkbox\" id=\"rememberme\" value=\"forever\"  \/>\n\n                        <label for=\"rememberme\">\n                            Remember Me                        <\/label>\n                    <\/p>\n                \n                <p class=\"login-submit\">\n                    <input type=\"submit\" name=\"wp-submit\" id=\"wp-submit\" class=\"button button-primary\" value=\"Log In\" \/>\n                    <input type=\"hidden\" name=\"redirect_to\" value=\"https:\/\/policarpv.com.br\/index.php\/areademembros\/\" \/>\n                    <input type=\"hidden\" name=\"pms_login_nonce\" value=\"2a255e63da\" \/>\n                <\/p>\n\n                <p class=\"login-extra\">\n                    <input type=\"hidden\" name=\"pms_login\" value=\"1\" \/><input type=\"hidden\" name=\"pms_redirect\" value=\"https:\/\/policarpv.com.br\/index.php\/wp-json\/wp\/v2\/pages\/199\" \/>                <\/p>\n            <\/form>\n        \t\t<\/div>\n\t\t\t\t<\/div>\n\t\t\t\t<div class=\"elementor-element elementor-element-2253a74 elementor-shape-circle e-grid-align-left elementor-grid-0 elementor-widget elementor-widget-social-icons\" data-id=\"2253a74\" data-element_type=\"widget\" data-widget_type=\"social-icons.default\">\n\t\t\t\t<div class=\"elementor-widget-container\">\n\t\t\t\t\t<div class=\"elementor-social-icons-wrapper elementor-grid\">\n\t\t\t\t\t\t\t<span class=\"elementor-grid-item\">\n\t\t\t\t\t<a class=\"elementor-icon elementor-social-icon elementor-social-icon-facebook-f elementor-animation-grow elementor-repeater-item-6b1735b\" target=\"_blank\">\n\t\t\t\t\t\t<span class=\"elementor-screen-only\">Facebook-f<\/span>\n\t\t\t\t\t\t<svg class=\"e-font-icon-svg e-fab-facebook-f\" viewBox=\"0 0 320 512\" xmlns=\"http:\/\/www.w3.org\/2000\/svg\"><path d=\"M279.14 288l14.22-92.66h-88.91v-60.13c0-25.35 12.42-50.06 52.24-50.06h40.42V6.26S260.43 0 225.36 0c-73.22 0-121.08 44.38-121.08 124.72v70.62H22.89V288h81.39v224h100.17V288z\"><\/path><\/svg>\t\t\t\t\t<\/a>\n\t\t\t\t<\/span>\n\t\t\t\t\t\t\t<span class=\"elementor-grid-item\">\n\t\t\t\t\t<a class=\"elementor-icon elementor-social-icon elementor-social-icon-twitter elementor-animation-grow elementor-repeater-item-ef0dfbf\" target=\"_blank\">\n\t\t\t\t\t\t<span class=\"elementor-screen-only\">Twitter<\/span>\n\t\t\t\t\t\t<svg class=\"e-font-icon-svg e-fab-twitter\" viewBox=\"0 0 512 512\" xmlns=\"http:\/\/www.w3.org\/2000\/svg\"><path d=\"M459.37 151.716c.325 4.548.325 9.097.325 13.645 0 138.72-105.583 298.558-298.558 298.558-59.452 0-114.68-17.219-161.137-47.106 8.447.974 16.568 1.299 25.34 1.299 49.055 0 94.213-16.568 130.274-44.832-46.132-.975-84.792-31.188-98.112-72.772 6.498.974 12.995 1.624 19.818 1.624 9.421 0 18.843-1.3 27.614-3.573-48.081-9.747-84.143-51.98-84.143-102.985v-1.299c13.969 7.797 30.214 12.67 47.431 13.319-28.264-18.843-46.781-51.005-46.781-87.391 0-19.492 5.197-37.36 14.294-52.954 51.655 63.675 129.3 105.258 216.365 109.807-1.624-7.797-2.599-15.918-2.599-24.04 0-57.828 46.782-104.934 104.934-104.934 30.213 0 57.502 12.67 76.67 33.137 23.715-4.548 46.456-13.32 66.599-25.34-7.798 24.366-24.366 44.833-46.132 57.827 21.117-2.273 41.584-8.122 60.426-16.243-14.292 20.791-32.161 39.308-52.628 54.253z\"><\/path><\/svg>\t\t\t\t\t<\/a>\n\t\t\t\t<\/span>\n\t\t\t\t\t\t\t<span class=\"elementor-grid-item\">\n\t\t\t\t\t<a class=\"elementor-icon elementor-social-icon elementor-social-icon-google-plus-g elementor-animation-grow elementor-repeater-item-45b6557\" target=\"_blank\">\n\t\t\t\t\t\t<span class=\"elementor-screen-only\">Google-plus-g<\/span>\n\t\t\t\t\t\t<svg class=\"e-font-icon-svg e-fab-google-plus-g\" viewBox=\"0 0 640 512\" xmlns=\"http:\/\/www.w3.org\/2000\/svg\"><path d=\"M386.061 228.496c1.834 9.692 3.143 19.384 3.143 31.956C389.204 370.205 315.599 448 204.8 448c-106.084 0-192-85.915-192-192s85.916-192 192-192c51.864 0 95.083 18.859 128.611 50.292l-52.126 50.03c-14.145-13.621-39.028-29.599-76.485-29.599-65.484 0-118.92 54.221-118.92 121.277 0 67.056 53.436 121.277 118.92 121.277 75.961 0 104.513-54.745 108.965-82.773H204.8v-66.009h181.261zm185.406 6.437V179.2h-56.001v55.733h-55.733v56.001h55.733v55.733h56.001v-55.733H627.2v-56.001h-55.733z\"><\/path><\/svg>\t\t\t\t\t<\/a>\n\t\t\t\t<\/span>\n\t\t\t\t\t<\/div>\n\t\t\t\t<\/div>\n\t\t\t\t<\/div>\n\t\t\t\t\t<\/div>\n\t\t<\/div>\n\t\t\t\t<div class=\"elementor-column elementor-col-50 elementor-top-column elementor-element elementor-element-f22c0e1\" data-id=\"f22c0e1\" data-element_type=\"column\" data-settings=\"{&quot;background_background&quot;:&quot;classic&quot;}\">\n\t\t\t<div class=\"elementor-widget-wrap elementor-element-populated\">\n\t\t\t\t\t\t<div class=\"elementor-element elementor-element-7a81fd5 elementor-widget elementor-widget-heading\" data-id=\"7a81fd5\" data-element_type=\"widget\" data-widget_type=\"heading.default\">\n\t\t\t\t<div class=\"elementor-widget-container\">\n\t\t\t<h2 class=\"elementor-heading-title elementor-size-default\">Quem Somos<\/h2>\t\t<\/div>\n\t\t\t\t<\/div>\n\t\t\t\t<div class=\"elementor-element elementor-element-4c5adb8 elementor-widget elementor-widget-text-editor\" data-id=\"4c5adb8\" data-element_type=\"widget\" data-widget_type=\"text-editor.default\">\n\t\t\t\t<div class=\"elementor-widget-container\">\n\t\t\t\t\t\t\t<p><span class=\"s2\"><span class=\"bumpedFont15\">A POLICAR surgiu da necessidade dos propriet\u00e1rios de ve\u00edculos utilit\u00e1rios de garantir a <\/span><\/span><span class=\"s2\"><span class=\"bumpedFont15\">prote\u00e7\u00e3o<\/span><\/span><span class=\"s2\"><span class=\"bumpedFont15\"> do seu patrim\u00f4nio <\/span><\/span><span class=\"s2\"><span class=\"bumpedFont15\">fundada nos princ\u00edpios do associativismo com valores justos<\/span><\/span><span class=\"s2\"><span class=\"bumpedFont15\">. Somos <\/span><\/span><span class=\"s2\"><span class=\"bumpedFont15\">u<\/span><\/span><a name=\"_GoBack\"><\/a><span class=\"s2\"><span class=\"bumpedFont15\">ma<\/span><\/span><span class=\"s2\"><span class=\"bumpedFont15\"> associa\u00e7\u00e3o de prote\u00e7\u00e3o veicular interessada em oferecer aos seus associados um atendimento<\/span><\/span><span class=\"s2\"><span class=\"bumpedFont15\"> de excel\u00eancia<\/span><\/span> <span class=\"s2\"><span class=\"bumpedFont15\">e com agilidade.<\/span><\/span><\/p>\t\t\t\t\t\t<\/div>\n\t\t\t\t<\/div>\n\t\t\t\t<div class=\"elementor-element elementor-element-4b809ef elementor-widget elementor-widget-heading\" data-id=\"4b809ef\" data-element_type=\"widget\" data-widget_type=\"heading.default\">\n\t\t\t\t<div class=\"elementor-widget-container\">\n\t\t\t<h2 class=\"elementor-heading-title elementor-size-default\">Nossa Miss\u00e3o<\/h2>\t\t<\/div>\n\t\t\t\t<\/div>\n\t\t\t\t<div class=\"elementor-element elementor-element-d02239a elementor-widget elementor-widget-text-editor\" data-id=\"d02239a\" data-element_type=\"widget\" data-widget_type=\"text-editor.default\">\n\t\t\t\t<div class=\"elementor-widget-container\">\n\t\t\t\t\t\t\t<p><span style=\"color: #ffffff;\">Oferecer a melhor forma de proteger seu patrim\u00f4nio, com qualidade, agilidade e efici\u00eancia, garantindo a melhor op\u00e7\u00e3o de socorro m\u00fatuo, para nossos associados.<\/span><\/p>\t\t\t\t\t\t<\/div>\n\t\t\t\t<\/div>\n\t\t\t\t<div class=\"elementor-element elementor-element-63aeddf elementor-widget elementor-widget-heading\" data-id=\"63aeddf\" data-element_type=\"widget\" data-widget_type=\"heading.default\">\n\t\t\t\t<div class=\"elementor-widget-container\">\n\t\t\t<h2 class=\"elementor-heading-title elementor-size-default\">Vis\u00e3o<\/h2>\t\t<\/div>\n\t\t\t\t<\/div>\n\t\t\t\t<div class=\"elementor-element elementor-element-b63b0e0 elementor-widget elementor-widget-text-editor\" data-id=\"b63b0e0\" data-element_type=\"widget\" data-widget_type=\"text-editor.default\">\n\t\t\t\t<div class=\"elementor-widget-container\">\n\t\t\t\t\t\t\t<p><span style=\"color: #ffffff;\">Ser a principal refer\u00eancia de prote\u00e7\u00e3o veicular da regi\u00e3o, reconhecida pela sociedade, colaboradores e fornecedores, ofertando sempre os melhores benef\u00edcios para os associados.<\/span><\/p>\t\t\t\t\t\t<\/div>\n\t\t\t\t<\/div>\n\t\t\t\t<div class=\"elementor-element elementor-element-5a911b1 elementor-widget elementor-widget-heading\" data-id=\"5a911b1\" data-element_type=\"widget\" data-widget_type=\"heading.default\">\n\t\t\t\t<div class=\"elementor-widget-container\">\n\t\t\t<h2 class=\"elementor-heading-title elementor-size-default\">Valores<\/h2>\t\t<\/div>\n\t\t\t\t<\/div>\n\t\t\t\t<div class=\"elementor-element elementor-element-ec45840 elementor-widget elementor-widget-text-editor\" data-id=\"ec45840\" data-element_type=\"widget\" data-widget_type=\"text-editor.default\">\n\t\t\t\t<div class=\"elementor-widget-container\">\n\t\t\t\t\t\t\t<p><span style=\"color: #ffffff;\">\u00c9tica, seriedade, transpar\u00eancia, compromisso, efici\u00eancia e respeito aos associados.<\/span><\/p>\t\t\t\t\t\t<\/div>\n\t\t\t\t<\/div>\n\t\t\t\t\t<\/div>\n\t\t<\/div>\n\t\t\t\t\t<\/div>\n\t\t<\/section>\n\t\t<div class=\"elementor-element elementor-element-eba06c4 e-flex e-con-boxed e-con e-parent\" data-id=\"eba06c4\" data-element_type=\"container\">\n\t\t\t\t\t<div class=\"e-con-inner\">\n\t\t\t\t<div class=\"elementor-element elementor-element-d6a2ed6 elementor-widget elementor-widget-pms-login\" data-id=\"d6a2ed6\" data-element_type=\"widget\" data-widget_type=\"pms-login.default\">\n\t\t\t\t<div class=\"elementor-widget-container\">\n\t\t\t            <form name=\"pms_login\" id=\"pms_login\" class=\"pms-form \" action=\"\" method=\"post\">\n                \n                <p class=\"login-username\">\n                    <label for=\"user_login\">Username or Email Address<\/label>\n                    <input type=\"text\" name=\"log\" id=\"user_login\" class=\"input\" value=\"\" size=\"20\" \/>\n                <\/p>\n\n                <p class=\"login-password\">\n                    <label for=\"user_pass\">Password<\/label>\n                    <input type=\"password\" name=\"pwd\" id=\"user_pass\" class=\"input\" value=\"\" size=\"20\" \/>\n                <\/p>\n\n                \n                                    <p class=\"login-remember\">\n                        <input name=\"rememberme\" type=\"checkbox\" id=\"rememberme\" value=\"forever\"  \/>\n\n                        <label for=\"rememberme\">\n                            Remember Me                        <\/label>\n                    <\/p>\n                \n                <p class=\"login-submit\">\n                    <input type=\"submit\" name=\"wp-submit\" id=\"wp-submit\" class=\"button button-primary\" value=\"Log In\" \/>\n                    <input type=\"hidden\" name=\"redirect_to\" value=\"http:\/\/logout_redirect_url=\" \/>\n                    <input type=\"hidden\" name=\"pms_login_nonce\" value=\"2a255e63da\" \/>\n                <\/p>\n\n                <p class=\"login-extra\">\n                    <input type=\"hidden\" name=\"pms_login\" value=\"1\" \/><input type=\"hidden\" name=\"pms_redirect\" value=\"https:\/\/policarpv.com.br\/index.php\/wp-json\/wp\/v2\/pages\/199\" \/>                <\/p>\n            <\/form>\n        \t\t<\/div>\n\t\t\t\t<\/div>\n\t\t\t\t\t<\/div>\n\t\t\t\t<\/div>\n\t\t\t\t<\/div>\n\t\t","protected":false},"excerpt":{"rendered":"<p>Entre na \u00e1rea de membros! Voc\u00ea est\u00e1 atualmente conectado como infraestrutura@hinova.com.br. Desconectar Facebook-f Twitter Google-plus-g Quem Somos A POLICAR surgiu da necessidade dos propriet\u00e1rios de ve\u00edculos utilit\u00e1rios de garantir a prote\u00e7\u00e3o do seu patrim\u00f4nio fundada nos princ\u00edpios do associativismo com valores justos. Somos uma associa\u00e7\u00e3o de prote\u00e7\u00e3o veicular interessada em oferecer aos seus associados um [&hellip;]<\/p>\n","protected":false},"author":1,"featured_media":0,"parent":0,"menu_order":0,"comment_status":"closed","ping_status":"closed","template":"elementor_canvas","meta":{"footnotes":""},"class_list":["post-199","page","type-page","status-publish","hentry"],"aioseo_notices":[],"_links":{"self":[{"href":"https:\/\/policarpv.com.br\/index.php\/wp-json\/wp\/v2\/pages\/199","targetHints":{"allow":["GET"]}}],"collection":[{"href":"https:\/\/policarpv.com.br\/index.php\/wp-json\/wp\/v2\/pages"}],"about":[{"href":"https:\/\/policarpv.com.br\/index.php\/wp-json\/wp\/v2\/types\/page"}],"author":[{"embeddable":true,"href":"https:\/\/policarpv.com.br\/index.php\/wp-json\/wp\/v2\/users\/1"}],"replies":[{"embeddable":true,"href":"https:\/\/policarpv.com.br\/index.php\/wp-json\/wp\/v2\/comments?post=199"}],"version-history":[{"count":3,"href":"https:\/\/policarpv.com.br\/index.php\/wp-json\/wp\/v2\/pages\/199\/revisions"}],"predecessor-version":[{"id":202,"href":"https:\/\/policarpv.com.br\/index.php\/wp-json\/wp\/v2\/pages\/199\/revisions\/202"}],"wp:attachment":[{"href":"https:\/\/policarpv.com.br\/index.php\/wp-json\/wp\/v2\/media?parent=199"}],"curies":[{"name":"wp","href":"https:\/\/api.w.org\/{rel}","templated":true}]}}